{"id":11,"date":"2020-04-18T23:27:07","date_gmt":"2020-04-19T02:27:07","guid":{"rendered":"http:\/\/www.annalapersonalizados.com.br\/loja\/?page_id=11"},"modified":"2020-04-21T10:57:59","modified_gmt":"2020-04-21T13:57:59","slug":"sobre-nos","status":"publish","type":"page","link":"https:\/\/www.annalapersonalizados.com.br\/loja\/sobre-nos\/","title":{"rendered":"Sobre n\u00f3s"},"content":{"rendered":"\n<p>A Annal\u00e1 Personalizados, nasceu em 2017, da minha escolha de ficar mais pr\u00f3xima do meu beb\u00ea (na \u00e9poca) e por ser apaixonada por artesanato, cria\u00e7\u00e3o, decora\u00e7\u00e3o, artes gr\u00e1ficas, pap\u00e9is e personaliza\u00e7\u00e3o.<\/p>\n\n\n\n<p>As Lembrancinhas Personalizadas s\u00e3o feitas com muita dedica\u00e7\u00e3o, amor e carinho. Voc\u00ea sonha e n\u00f3s tornamos o seu sonho se tornar real.<\/p>\n\n\n\n<p>Eeternizar os momentos especiais \u00e9 o nosso objetivo, na Annal\u00e1 Personalizados voc\u00ea encontra personalizados para qualquer tipo de festa, de ch\u00e1 de beb\u00ea \u00e0 casamento; kit festa infantil, aromatizador difusor de ambiente, lembrancinhas de maternidade, papelaria como caixinhas personalizadas, embalagens para lembrancinhas, artesanatos, canecas de diversos formatos, copos long drink, canetas, mousepad, camisetas, tudo isso personalizado e com o melhor pre\u00e7o e qualidade. Ali\u00e1s, pre\u00e7o e qualidade \u00e9 um dos nossos lemas, afinal, estamos mexendo com sonhos e ter qualidade e dedica\u00e7\u00e3o \u00e9 fundamental<\/p>\n\n\n\n<p>Fique \u00e0 vontade em nossa loja! Se precisar de ajuda \u00e9 s\u00f3 clicar no bot\u00e3o do whatsapp na barra superior, ser\u00e1 um prazer ajud\u00e1-la(o).<\/p>\n","protected":false},"excerpt":{"rendered":"<p>A Annal\u00e1 Personalizados, nasceu em 2017, da minha escolha de ficar mais pr\u00f3xima do meu beb\u00ea (na \u00e9poca) e por ser apaixonada por artesanato, cria\u00e7\u00e3o, decora\u00e7\u00e3o, artes gr\u00e1ficas, pap\u00e9is e<\/p>\n","protected":false},"author":29,"featured_media":0,"parent":0,"menu_order":0,"comment_status":"closed","ping_status":"closed","template":"","meta":{"_acf_changed":false,"footnotes":""},"class_list":["post-11","page","type-page","status-publish","hentry"],"acf":[],"_links":{"self":[{"href":"https:\/\/www.annalapersonalizados.com.br\/loja\/wp-json\/wp\/v2\/pages\/11"}],"collection":[{"href":"https:\/\/www.annalapersonalizados.com.br\/loja\/wp-json\/wp\/v2\/pages"}],"about":[{"href":"https:\/\/www.annalapersonalizados.com.br\/loja\/wp-json\/wp\/v2\/types\/page"}],"author":[{"embeddable":true,"href":"https:\/\/www.annalapersonalizados.com.br\/loja\/wp-json\/wp\/v2\/users\/29"}],"replies":[{"embeddable":true,"href":"https:\/\/www.annalapersonalizados.com.br\/loja\/wp-json\/wp\/v2\/comments?post=11"}],"version-history":[{"count":3,"href":"https:\/\/www.annalapersonalizados.com.br\/loja\/wp-json\/wp\/v2\/pages\/11\/revisions"}],"predecessor-version":[{"id":156,"href":"https:\/\/www.annalapersonalizados.com.br\/loja\/wp-json\/wp\/v2\/pages\/11\/revisions\/156"}],"wp:attachment":[{"href":"https:\/\/www.annalapersonalizados.com.br\/loja\/wp-json\/wp\/v2\/media?parent=11"}],"curies":[{"name":"wp","href":"https:\/\/api.w.org\/{rel}","templated":true}]}}