{"id":119,"date":"2020-04-21T09:48:55","date_gmt":"2020-04-21T12:48:55","guid":{"rendered":"http:\/\/www.annalapersonalizados.com.br\/loja\/?page_id=119"},"modified":"2020-04-24T21:48:29","modified_gmt":"2020-04-25T00:48:29","slug":"localizacao","status":"publish","type":"page","link":"https:\/\/www.annalapersonalizados.com.br\/loja\/localizacao\/","title":{"rendered":"Localiza\u00e7\u00e3o"},"content":{"rendered":"\t\t<div data-elementor-type=\"wp-page\" data-elementor-id=\"119\" class=\"elementor elementor-119\">\n\t\t\t\t\t\t<section class=\"elementor-section elementor-top-section elementor-element elementor-element-15dda3cc elementor-section-boxed elementor-section-height-default elementor-section-height-default\" data-id=\"15dda3cc\" data-element_type=\"section\" data-e-type=\"section\">\n\t\t\t\t\t\t<div class=\"elementor-container elementor-column-gap-default\">\n\t\t\t\t\t<div class=\"elementor-column elementor-col-100 elementor-top-column elementor-element elementor-element-600eeda6\" data-id=\"600eeda6\" data-element_type=\"column\" data-e-type=\"column\">\n\t\t\t<div class=\"elementor-widget-wrap elementor-element-populated\">\n\t\t\t\t\t\t<div class=\"elementor-element elementor-element-7deed41 elementor-widget elementor-widget-text-editor\" data-id=\"7deed41\" data-element_type=\"widget\" data-e-type=\"widget\" data-widget_type=\"text-editor.default\">\n\t\t\t\t<div class=\"elementor-widget-container\">\n\t\t\t\t\t\t\t\t\t\n<div class=\"wp-block-columns is-layout-flex wp-container-core-columns-is-layout-1 wp-block-columns-is-layout-flex\">\n<div class=\"wp-block-column is-layout-flow wp-block-column-is-layout-flow\" style=\"flex-basis:66.66%\"><\/div>\n\n\n\n<div class=\"wp-block-column is-layout-flow wp-block-column-is-layout-flow\" style=\"flex-basis:33.33%\"><\/div>\n<\/div>\n\n\n\n<p><\/p>\n\t\t\t\t\t\t\t\t<\/div>\n\t\t\t\t<\/div>\n\t\t\t\t\t<\/div>\n\t\t<\/div>\n\t\t\t\t\t<\/div>\n\t\t<\/section>\n\t\t\t\t<section class=\"elementor-section elementor-top-section elementor-element elementor-element-4f35870 elementor-section-boxed elementor-section-height-default elementor-section-height-default\" data-id=\"4f35870\" data-element_type=\"section\" data-e-type=\"section\">\n\t\t\t\t\t\t<div class=\"elementor-container elementor-column-gap-default\">\n\t\t\t\t\t<div class=\"elementor-column elementor-col-66 elementor-top-column elementor-element elementor-element-0f68358\" data-id=\"0f68358\" data-element_type=\"column\" data-e-type=\"column\">\n\t\t\t<div class=\"elementor-widget-wrap elementor-element-populated\">\n\t\t\t\t\t\t<div class=\"elementor-element elementor-element-4c906cf elementor-widget elementor-widget-google_maps\" data-id=\"4c906cf\" data-element_type=\"widget\" data-e-type=\"widget\" data-widget_type=\"google_maps.default\">\n\t\t\t\t<div class=\"elementor-widget-container\">\n\t\t\t\t\t\t\t<div class=\"elementor-custom-embed\">\n\t\t\t<iframe loading=\"lazy\"\n\t\t\t\t\tsrc=\"https:\/\/maps.google.com\/maps?q=Rua%20da%20Gameleira%2C%20710%20-%20S%C3%A3o%20Sebasti%C3%A3o%2C%20DF&#038;t=m&#038;z=15&#038;output=embed&#038;iwloc=near\"\n\t\t\t\t\ttitle=\"Rua da Gameleira, 710 - S\u00e3o Sebasti\u00e3o, DF\"\n\t\t\t\t\taria-label=\"Rua da Gameleira, 710 - S\u00e3o Sebasti\u00e3o, DF\"\n\t\t\t><\/iframe>\n\t\t<\/div>\n\t\t\t\t\t\t<\/div>\n\t\t\t\t<\/div>\n\t\t\t\t\t<\/div>\n\t\t<\/div>\n\t\t\t\t<div class=\"elementor-column elementor-col-33 elementor-top-column elementor-element elementor-element-3e7aeef\" data-id=\"3e7aeef\" data-element_type=\"column\" data-e-type=\"column\">\n\t\t\t<div class=\"elementor-widget-wrap elementor-element-populated\">\n\t\t\t\t\t\t<div class=\"elementor-element elementor-element-3f0cad7 elementor-widget elementor-widget-text-editor\" data-id=\"3f0cad7\" data-element_type=\"widget\" data-e-type=\"widget\" data-widget_type=\"text-editor.default\">\n\t\t\t\t<div class=\"elementor-widget-container\">\n\t\t\t\t\t\t\t\t\t<p>Nossa loja f\u00edsica est\u00e1 localizada em S\u00e3o Sebasti\u00e3o, Distrito Federal.<\/p>\n<p>Voc\u00ea pode efetuar compras em nossa loja virtual e retirar os produtos, basta voc\u00ea escolher na op\u00e7\u00e3o de frete &#8220;<strong>Retirar produto na loja<\/strong>&#8220;.<\/p>\t\t\t\t\t\t\t\t<\/div>\n\t\t\t\t<\/div>\n\t\t\t\t\t<\/div>\n\t\t<\/div>\n\t\t\t\t\t<\/div>\n\t\t<\/section>\n\t\t\t\t<\/div>\n\t\t","protected":false},"excerpt":{"rendered":"<p>Nossa loja f\u00edsica est\u00e1 localizada em S\u00e3o Sebasti\u00e3o, Distrito Federal. Voc\u00ea pode efetuar compras em nossa loja virtual e retirar os produtos, basta voc\u00ea escolher na op\u00e7\u00e3o de frete &#8220;Retirar<\/p>\n","protected":false},"author":29,"featured_media":0,"parent":0,"menu_order":0,"comment_status":"closed","ping_status":"closed","template":"","meta":{"_acf_changed":false,"footnotes":""},"class_list":["post-119","page","type-page","status-publish","hentry"],"acf":[],"_links":{"self":[{"href":"https:\/\/www.annalapersonalizados.com.br\/loja\/wp-json\/wp\/v2\/pages\/119"}],"collection":[{"href":"https:\/\/www.annalapersonalizados.com.br\/loja\/wp-json\/wp\/v2\/pages"}],"about":[{"href":"https:\/\/www.annalapersonalizados.com.br\/loja\/wp-json\/wp\/v2\/types\/page"}],"author":[{"embeddable":true,"href":"https:\/\/www.annalapersonalizados.com.br\/loja\/wp-json\/wp\/v2\/users\/29"}],"replies":[{"embeddable":true,"href":"https:\/\/www.annalapersonalizados.com.br\/loja\/wp-json\/wp\/v2\/comments?post=119"}],"version-history":[{"count":4,"href":"https:\/\/www.annalapersonalizados.com.br\/loja\/wp-json\/wp\/v2\/pages\/119\/revisions"}],"predecessor-version":[{"id":464,"href":"https:\/\/www.annalapersonalizados.com.br\/loja\/wp-json\/wp\/v2\/pages\/119\/revisions\/464"}],"wp:attachment":[{"href":"https:\/\/www.annalapersonalizados.com.br\/loja\/wp-json\/wp\/v2\/media?parent=119"}],"curies":[{"name":"wp","href":"https:\/\/api.w.org\/{rel}","templated":true}]}}