{"id":121,"date":"2020-04-21T09:49:13","date_gmt":"2020-04-21T12:49:13","guid":{"rendered":"http:\/\/www.annalapersonalizados.com.br\/loja\/?page_id=121"},"modified":"2020-04-21T12:15:44","modified_gmt":"2020-04-21T15:15:44","slug":"prazo-de-entrega","status":"publish","type":"page","link":"https:\/\/www.annalapersonalizados.com.br\/loja\/prazo-de-entrega\/","title":{"rendered":"Prazo e formas de entrega"},"content":{"rendered":"\t\t<div data-elementor-type=\"wp-page\" data-elementor-id=\"121\" class=\"elementor elementor-121\">\n\t\t\t\t\t\t<section class=\"elementor-section elementor-top-section elementor-element elementor-element-1f9b28e elementor-section-boxed elementor-section-height-default elementor-section-height-default\" data-id=\"1f9b28e\" data-element_type=\"section\" data-e-type=\"section\">\n\t\t\t\t\t\t<div class=\"elementor-container elementor-column-gap-default\">\n\t\t\t\t\t<div class=\"elementor-column elementor-col-100 elementor-top-column elementor-element elementor-element-956572a\" data-id=\"956572a\" data-element_type=\"column\" data-e-type=\"column\">\n\t\t\t<div class=\"elementor-widget-wrap\">\n\t\t\t\t\t\t\t<\/div>\n\t\t<\/div>\n\t\t\t\t\t<\/div>\n\t\t<\/section>\n\t\t\t\t<section class=\"elementor-section elementor-top-section elementor-element elementor-element-3143f8c elementor-section-boxed elementor-section-height-default elementor-section-height-default\" data-id=\"3143f8c\" data-element_type=\"section\" data-e-type=\"section\">\n\t\t\t\t\t\t<div class=\"elementor-container elementor-column-gap-default\">\n\t\t\t\t\t<div class=\"elementor-column elementor-col-100 elementor-top-column elementor-element elementor-element-fc0ce2e\" data-id=\"fc0ce2e\" data-element_type=\"column\" data-e-type=\"column\">\n\t\t\t<div class=\"elementor-widget-wrap elementor-element-populated\">\n\t\t\t\t\t\t<div class=\"elementor-element elementor-element-f9cae06 elementor-widget elementor-widget-accordion\" data-id=\"f9cae06\" data-element_type=\"widget\" data-e-type=\"widget\" data-widget_type=\"accordion.default\">\n\t\t\t\t<div class=\"elementor-widget-container\">\n\t\t\t\t\t\t\t<div class=\"elementor-accordion\">\n\t\t\t\t\t\t\t<div class=\"elementor-accordion-item\">\n\t\t\t\t\t<div id=\"elementor-tab-title-2611\" class=\"elementor-tab-title\" data-tab=\"1\" role=\"button\" aria-controls=\"elementor-tab-content-2611\" aria-expanded=\"false\">\n\t\t\t\t\t\t\t\t\t\t\t\t\t<span class=\"elementor-accordion-icon elementor-accordion-icon-left\" aria-hidden=\"true\">\n\t\t\t\t\t\t\t\t\t\t\t\t\t\t\t<span class=\"elementor-accordion-icon-closed\"><i class=\"fas fa-caret-square-down\"><\/i><\/span>\n\t\t\t\t\t\t\t\t<span class=\"elementor-accordion-icon-opened\"><i class=\"fas fa-minus\"><\/i><\/span>\n\t\t\t\t\t\t\t\t\t\t\t\t\t\t<\/span>\n\t\t\t\t\t\t\t\t\t\t\t\t<a class=\"elementor-accordion-title\" tabindex=\"0\">Quais s\u00e3o as formas de entrega?<\/a>\n\t\t\t\t\t<\/div>\n\t\t\t\t\t<div id=\"elementor-tab-content-2611\" class=\"elementor-tab-content elementor-clearfix\" data-tab=\"1\" role=\"region\" aria-labelledby=\"elementor-tab-title-2611\"><p>Atualmente, dispomos das seguintes formas de entrega:<\/p><ul><li>CORREIOS<ul><li>Sedex<\/li><li>Econ\u00f4mico \/ PAC<\/li><\/ul><\/li><li>OUTRAS<ul><li>Motoboy (somente para S\u00e3o Sebasti\u00e3o\/DF e cidades em um raio de at\u00e9 10km)<\/li><li>Retirada na loja fixa (Em S\u00e3o Sebasti\u00e3o\/DF)<\/li><\/ul><\/li><\/ul><p>\u00a0<\/p><p>IMPORTANTE: O prazo de entrega do pedido come\u00e7a a ser contado somente no dia \u00fatil seguinte \u00e0 confirma\u00e7\u00e3o de pagamento do mesmo pela institui\u00e7\u00e3o banc\u00e1ria &#8211; ou da aprova\u00e7\u00e3o do pedido pela loja, em caso de pagamento com cart\u00e3o de cr\u00e9dito. Em ambos os casos, uma mensagem de confirma\u00e7\u00e3o de recebimento do pagamento ser\u00e1 enviado ao e-mail cadastrado pelo cliente, confirmando o in\u00edcio da contagem do prazo.<\/p><\/div>\n\t\t\t\t<\/div>\n\t\t\t\t\t\t\t<div class=\"elementor-accordion-item\">\n\t\t\t\t\t<div id=\"elementor-tab-title-2612\" class=\"elementor-tab-title\" data-tab=\"2\" role=\"button\" aria-controls=\"elementor-tab-content-2612\" aria-expanded=\"false\">\n\t\t\t\t\t\t\t\t\t\t\t\t\t<span class=\"elementor-accordion-icon elementor-accordion-icon-left\" aria-hidden=\"true\">\n\t\t\t\t\t\t\t\t\t\t\t\t\t\t\t<span class=\"elementor-accordion-icon-closed\"><i class=\"fas fa-caret-square-down\"><\/i><\/span>\n\t\t\t\t\t\t\t\t<span class=\"elementor-accordion-icon-opened\"><i class=\"fas fa-minus\"><\/i><\/span>\n\t\t\t\t\t\t\t\t\t\t\t\t\t\t<\/span>\n\t\t\t\t\t\t\t\t\t\t\t\t<a class=\"elementor-accordion-title\" tabindex=\"0\">Quanto tempo o pedido demora para ser enviado?<\/a>\n\t\t\t\t\t<\/div>\n\t\t\t\t\t<div id=\"elementor-tab-content-2612\" class=\"elementor-tab-content elementor-clearfix\" data-tab=\"2\" role=\"region\" aria-labelledby=\"elementor-tab-title-2612\"><p>Nossos prazos varia de acordo com o pedido, por exemplo, canecas leva de UM \u00e0 TR\u00caS dias para serem personalizadas e encaminhada a transportadora (ap\u00f3s recebermos a confirma\u00e7\u00e3o de pagamento de seu pedido fornecida por sua operadora de cart\u00e3o ou institui\u00e7\u00e3o banc\u00e1ria).<\/p><p>Ap\u00f3s a personaliz\u00e3o, o pedido seguir\u00e1 o processo de listagem e separa\u00e7\u00e3o dos produtos no estoque, confer\u00eancia e baixa dos itens separados, montagem da encomenda e prepara\u00e7\u00e3o de sua embalagem, e finalmente o registro e expedi\u00e7\u00e3o da encomenda, com isso come\u00e7a a ser contada o prazo de entrega da transportadora.<\/p><p>Todos estes procedimentos n\u00e3o afeta o prazo de entrega do pedido, que \u00e9 realizada sempre dentro do tempo da op\u00e7\u00e3o de frete escolhida no ato da compra.<\/p><p>Em caso de d\u00favidas sobre os itens de seu pedido, entre em contato com nosso SAC pelo WhatsApp (61) 98565-85637.<\/p><\/div>\n\t\t\t\t<\/div>\n\t\t\t\t\t\t\t<div class=\"elementor-accordion-item\">\n\t\t\t\t\t<div id=\"elementor-tab-title-2613\" class=\"elementor-tab-title\" data-tab=\"3\" role=\"button\" aria-controls=\"elementor-tab-content-2613\" aria-expanded=\"false\">\n\t\t\t\t\t\t\t\t\t\t\t\t\t<span class=\"elementor-accordion-icon elementor-accordion-icon-left\" aria-hidden=\"true\">\n\t\t\t\t\t\t\t\t\t\t\t\t\t\t\t<span class=\"elementor-accordion-icon-closed\"><i class=\"fas fa-caret-square-down\"><\/i><\/span>\n\t\t\t\t\t\t\t\t<span class=\"elementor-accordion-icon-opened\"><i class=\"fas fa-minus\"><\/i><\/span>\n\t\t\t\t\t\t\t\t\t\t\t\t\t\t<\/span>\n\t\t\t\t\t\t\t\t\t\t\t\t<a class=\"elementor-accordion-title\" tabindex=\"0\">T\u00edtulo da Como fa\u00e7o para retirar pessoalmente o meu pedido?sanfona<\/a>\n\t\t\t\t\t<\/div>\n\t\t\t\t\t<div id=\"elementor-tab-content-2613\" class=\"elementor-tab-content elementor-clearfix\" data-tab=\"3\" role=\"region\" aria-labelledby=\"elementor-tab-title-2613\"><p>Para retirar conosco seu pedido, voc\u00ea deve escolher na p\u00e1gina de compra uma das op\u00e7\u00f5es de frete de &#8220;Retirada na loja&#8221; (que fica localizada em S\u00e3o Sebasti\u00e3o\/DF).<\/p><p>Ap\u00f3s a confirma\u00e7\u00e3o de pagamento do pedido, voc\u00ea receber\u00e1 um e-mail avisando quando ele estar\u00e1 pronto para ser retirado, junto com o endere\u00e7o do local de retira.<\/p><p>Caso seja voc\u00ea mesmo a pessoa que vir\u00e1 retirar sua compra, bastar\u00e1 apresentar o n\u00famero do pedido e o seu RG.<\/p><p>Se for um portador (parente, amigo ou motoboy) que vier retirar, este precisa trazer: n\u00famero do pedido, nome e RG ou CPF do comprador.<\/p><p>Os dias e hor\u00e1rios para retirada em nossas lojas s\u00e3o de segunda a sexta &#8211; das 8h \u00e0s 17h.<\/p><\/div>\n\t\t\t\t<\/div>\n\t\t\t\t\t\t\t\t<\/div>\n\t\t\t\t\t\t<\/div>\n\t\t\t\t<\/div>\n\t\t\t\t\t<\/div>\n\t\t<\/div>\n\t\t\t\t\t<\/div>\n\t\t<\/section>\n\t\t\t\t<\/div>\n\t\t","protected":false},"excerpt":{"rendered":"<p>Quais s\u00e3o as formas de entrega? Atualmente, dispomos das seguintes formas de entrega: CORREIOS Sedex Econ\u00f4mico \/ PAC OUTRAS Motoboy (somente para S\u00e3o Sebasti\u00e3o\/DF e cidades em um raio de<\/p>\n","protected":false},"author":29,"featured_media":0,"parent":0,"menu_order":0,"comment_status":"closed","ping_status":"closed","template":"","meta":{"_acf_changed":false,"footnotes":""},"class_list":["post-121","page","type-page","status-publish","hentry"],"acf":[],"_links":{"self":[{"href":"https:\/\/www.annalapersonalizados.com.br\/loja\/wp-json\/wp\/v2\/pages\/121"}],"collection":[{"href":"https:\/\/www.annalapersonalizados.com.br\/loja\/wp-json\/wp\/v2\/pages"}],"about":[{"href":"https:\/\/www.annalapersonalizados.com.br\/loja\/wp-json\/wp\/v2\/types\/page"}],"author":[{"embeddable":true,"href":"https:\/\/www.annalapersonalizados.com.br\/loja\/wp-json\/wp\/v2\/users\/29"}],"replies":[{"embeddable":true,"href":"https:\/\/www.annalapersonalizados.com.br\/loja\/wp-json\/wp\/v2\/comments?post=121"}],"version-history":[{"count":5,"href":"https:\/\/www.annalapersonalizados.com.br\/loja\/wp-json\/wp\/v2\/pages\/121\/revisions"}],"predecessor-version":[{"id":170,"href":"https:\/\/www.annalapersonalizados.com.br\/loja\/wp-json\/wp\/v2\/pages\/121\/revisions\/170"}],"wp:attachment":[{"href":"https:\/\/www.annalapersonalizados.com.br\/loja\/wp-json\/wp\/v2\/media?parent=121"}],"curies":[{"name":"wp","href":"https:\/\/api.w.org\/{rel}","templated":true}]}}