{"id":13,"date":"2020-04-18T23:27:21","date_gmt":"2020-04-19T02:27:21","guid":{"rendered":"http:\/\/www.annalapersonalizados.com.br\/loja\/?page_id=13"},"modified":"2020-04-24T21:46:05","modified_gmt":"2020-04-25T00:46:05","slug":"fale-conosco","status":"publish","type":"page","link":"https:\/\/www.annalapersonalizados.com.br\/loja\/fale-conosco\/","title":{"rendered":"Fale conosco"},"content":{"rendered":"\n<div class=\"wp-block-columns is-layout-flex wp-container-core-columns-is-layout-1 wp-block-columns-is-layout-flex\">\n<div class=\"wp-block-column is-layout-flow wp-block-column-is-layout-flow\">\n<p>[wpforms id=&#8221;461&#8243; title=&#8221;false&#8221; description=&#8221;false&#8221;]<\/p>\n<\/div>\n\n\n\n<div class=\"wp-block-column is-layout-flow wp-block-column-is-layout-flow\">\n<p><strong>WhatsApp:<\/strong><br>(61) 98565-8537<\/p>\n\n\n\n<p>Nossa loja f\u00edsica est\u00e1 localizada em S\u00e3o Sebasti\u00e3o, Distrito Federal.<\/p>\n\n\n\n<p>Nossa loja serve tamb\u00e9m como ponto de retirada de produtos. Quando for comprar seu personalizado, voc\u00ea pode escolher na op\u00e7\u00e3o de frete &#8220;<strong>Retirar produto na loja<\/strong>&#8220;<\/p>\n<\/div>\n<\/div>\n","protected":false},"excerpt":{"rendered":"<p>[wpforms id=&#8221;461&#8243; title=&#8221;false&#8221; description=&#8221;false&#8221;] WhatsApp:(61) 98565-8537 Nossa loja f\u00edsica est\u00e1 localizada em S\u00e3o Sebasti\u00e3o, Distrito Federal. Nossa loja serve tamb\u00e9m como ponto de retirada de produtos. Quando for comprar seu<\/p>\n","protected":false},"author":29,"featured_media":0,"parent":0,"menu_order":0,"comment_status":"closed","ping_status":"closed","template":"","meta":{"_acf_changed":false,"footnotes":""},"class_list":["post-13","page","type-page","status-publish","hentry"],"acf":[],"_links":{"self":[{"href":"https:\/\/www.annalapersonalizados.com.br\/loja\/wp-json\/wp\/v2\/pages\/13"}],"collection":[{"href":"https:\/\/www.annalapersonalizados.com.br\/loja\/wp-json\/wp\/v2\/pages"}],"about":[{"href":"https:\/\/www.annalapersonalizados.com.br\/loja\/wp-json\/wp\/v2\/types\/page"}],"author":[{"embeddable":true,"href":"https:\/\/www.annalapersonalizados.com.br\/loja\/wp-json\/wp\/v2\/users\/29"}],"replies":[{"embeddable":true,"href":"https:\/\/www.annalapersonalizados.com.br\/loja\/wp-json\/wp\/v2\/comments?post=13"}],"version-history":[{"count":2,"href":"https:\/\/www.annalapersonalizados.com.br\/loja\/wp-json\/wp\/v2\/pages\/13\/revisions"}],"predecessor-version":[{"id":463,"href":"https:\/\/www.annalapersonalizados.com.br\/loja\/wp-json\/wp\/v2\/pages\/13\/revisions\/463"}],"wp:attachment":[{"href":"https:\/\/www.annalapersonalizados.com.br\/loja\/wp-json\/wp\/v2\/media?parent=13"}],"curies":[{"name":"wp","href":"https:\/\/api.w.org\/{rel}","templated":true}]}}